{"id":2585,"date":"2022-03-07T15:17:02","date_gmt":"2022-03-07T15:17:02","guid":{"rendered":"https:\/\/www.camping-lacdescharmilles.com\/contact-acces-2\/"},"modified":"2025-10-30T14:05:53","modified_gmt":"2025-10-30T14:05:53","slug":"contact-acces","status":"publish","type":"page","link":"https:\/\/www.camping-lacdescharmilles.com\/nl\/contact-acces\/","title":{"rendered":"Contact"},"content":{"rendered":"\n\n<!-- Plune Contact Form -->\n<div class=\"row\">\n  \n  <div class=\"col-12\">\n    <form method=\"post\" action=\"\/nl\/wp-json\/wp\/v2\/pages\/2585\" id=\"form-contact\">\n      <div class=\"row\">\n        <div class=\"col-md-6 col-input\">\n          <input id=\"lastname\" class=\"req \" type=\"text\" value=\"\" placeholder=\"Naam\" name=\"lastname\" minlength=\"2\" required=\"required\" aria-required=\"true\">\n          <div class=\"error-notice\">Tekst te kort.<\/div>\n        <\/div>\n        <div class=\"col-md-6 col-input\">\n          <input id=\"firstname\" class=\"req \" type=\"text\" value=\"\" placeholder=\"Voornaam\" name=\"firstname\" minlength=\"2\" required=\"required\" aria-required=\"true\">\n          <div class=\"error-notice\">Tekst te kort.<\/div>\n        <\/div>\n      <\/div>\n\n      <div class=\"row\">\n        <div class=\"col-md-6 col-input\">\n          <input id=\"email\" class=\"req \" type=\"email\" value=\"\" placeholder=\"E-mail\" name=\"email\" required=\"required\" aria-required=\"true\">\n          <div class=\"error-notice\">Verkeerde e-mail formaat.<\/div>\n        <\/div>\n        <div class=\"col-md-6 col-input\">\n          <input id=\"tel\" class=\"req \" type=\"tel\" value=\"\" placeholder=\"Telefoon\" name=\"phone\" required=\"required\" aria-required=\"true\" minlength=\"10\" maxlength=\"15\">\n          <div class=\"error-notice\">Verkeerde telefoon formaat.<\/div>\n        <\/div>\n        <div class=\"col-md-6 col-input col-input--nickname\">\n          <input id=\"nickname\" class=\"req-nickname\" type=\"text\" value=\"\" placeholder=\"Bijnaam\" name=\"nickname\" autocomplete=\"off\">\n          <div class=\"error-notice\">Tekst te kort.<\/div>\n        <\/div>\n      <\/div>\n\n      <div class=\"row\">\n        <div class=\"col-md-12 col-input\">\n          <textarea id=\"message\" class=\"req \" rows=\"5\" name=\"message\" minlength=\"5\" placeholder=\"Bericht\" required=\"required\" aria-required=\"true\"><\/textarea>\n          <div class=\"error-notice\">Tekst te kort.<\/div>\n        <\/div>\n      <\/div>\n\n      <div class=\"row\">\n        <div class=\"col-12 d-flex justify-content-center\">\n          <input type=\"hidden\" id=\"nonce-contact\" name=\"nonce-contact\" value=\"fa62b29b54\" \/><input type=\"hidden\" name=\"_wp_http_referer\" value=\"\/nl\/wp-json\/wp\/v2\/pages\/2585\" \/>          <input name=\"action\" type=\"hidden\" value=\"contactFormXHR\" \/>\n          <button class=\"button button--small button--border g-recaptcha\" id=\"submit_contact\" data-sitekey=\"6LfaIr8eAAAAAJjS9LqziKGoQyzLNzscabzqSs2g\" data-callback='onSubmit' data-action='submit'>Stuur<\/button>\n        <\/div>\n      <\/div>\n      <div id=\"form-contact-message\"><\/div>\n    <\/form>\n  <\/div>\n<\/div>\n<script>\n  function onSubmit(token) {\n    document.getElementById(\"form-contact\").submit();\n  }\n<\/script>\n<!-- End Plune Contact Form -->\n\n\n<p><\/p>\n","protected":false},"excerpt":{"rendered":"","protected":false},"author":3,"featured_media":2183,"parent":0,"menu_order":15,"comment_status":"closed","ping_status":"closed","template":"contact.php","meta":[],"yoast_head":"<!-- This site is optimized with the Yoast SEO plugin v18.2 - https:\/\/yoast.com\/wordpress\/plugins\/seo\/ -->\n<meta name=\"description\" content=\"Contact om naar Camping Lac des Charmilles in Saint-L\u00f4 te komen. Neem contact met ons op voor al uw vragen over uw vakantie in Normandi\u00eb.\" \/>\n<meta name=\"robots\" content=\"index, follow, max-snippet:-1, max-image-preview:large, max-video-preview:-1\" \/>\n<link rel=\"canonical\" href=\"https:\/\/www.camping-lacdescharmilles.com\/nl\/contact-acces\/\" \/>\n<meta property=\"og:locale\" content=\"nl_NL\" \/>\n<meta property=\"og:type\" content=\"article\" \/>\n<meta property=\"og:title\" content=\"Hoe komt u bij Camping Lac des Charmilles in Saint-L\u00f4 ?\" \/>\n<meta property=\"og:description\" content=\"Contact om naar Camping Lac des Charmilles in Saint-L\u00f4 te komen. Neem contact met ons op voor al uw vragen over uw vakantie in Normandi\u00eb.\" \/>\n<meta property=\"og:url\" content=\"https:\/\/www.camping-lacdescharmilles.com\/nl\/contact-acces\/\" \/>\n<meta property=\"og:site_name\" content=\"Le Lac des Charmilles\" \/>\n<meta property=\"article:modified_time\" content=\"2025-10-30T14:05:53+00:00\" \/>\n<meta property=\"og:image\" content=\"https:\/\/www.camping-lacdescharmilles.com\/wp-content\/uploads\/2022\/07\/12-scaled.jpg\" \/>\n\t<meta property=\"og:image:width\" content=\"2048\" \/>\n\t<meta property=\"og:image:height\" content=\"1548\" \/>\n\t<meta property=\"og:image:type\" content=\"image\/jpeg\" \/>\n<meta name=\"twitter:card\" content=\"summary_large_image\" \/>\n<meta name=\"twitter:label1\" content=\"Est. reading time\" \/>\n\t<meta name=\"twitter:data1\" content=\"1 minute\" \/>\n<script type=\"application\/ld+json\" class=\"yoast-schema-graph\">{\"@context\":\"https:\/\/schema.org\",\"@graph\":[{\"@type\":\"WebSite\",\"@id\":\"https:\/\/www.camping-lacdescharmilles.com\/#website\",\"url\":\"https:\/\/www.camping-lacdescharmilles.com\/\",\"name\":\"Le Lac des Charmilles\",\"description\":\"Camping 3 \u00e9toiles Le Lac des Charmilles \u00e0 Saint-L\u00f4\",\"potentialAction\":[{\"@type\":\"SearchAction\",\"target\":{\"@type\":\"EntryPoint\",\"urlTemplate\":\"https:\/\/www.camping-lacdescharmilles.com\/?s={search_term_string}\"},\"query-input\":\"required name=search_term_string\"}],\"inLanguage\":\"nl-NL\"},{\"@type\":\"ImageObject\",\"@id\":\"https:\/\/www.camping-lacdescharmilles.com\/nl\/contact-acces\/#primaryimage\",\"inLanguage\":\"nl-NL\",\"url\":\"https:\/\/www.camping-lacdescharmilles.com\/wp-content\/uploads\/2022\/07\/12-scaled.jpg\",\"contentUrl\":\"https:\/\/www.camping-lacdescharmilles.com\/wp-content\/uploads\/2022\/07\/12-scaled.jpg\",\"width\":2048,\"height\":1548,\"caption\":\"Anafi 1.8.2\"},{\"@type\":\"WebPage\",\"@id\":\"https:\/\/www.camping-lacdescharmilles.com\/nl\/contact-acces\/#webpage\",\"url\":\"https:\/\/www.camping-lacdescharmilles.com\/nl\/contact-acces\/\",\"name\":\"Hoe komt u bij Camping Lac des Charmilles in Saint-L\u00f4 ?\",\"isPartOf\":{\"@id\":\"https:\/\/www.camping-lacdescharmilles.com\/#website\"},\"primaryImageOfPage\":{\"@id\":\"https:\/\/www.camping-lacdescharmilles.com\/nl\/contact-acces\/#primaryimage\"},\"datePublished\":\"2022-03-07T15:17:02+00:00\",\"dateModified\":\"2025-10-30T14:05:53+00:00\",\"description\":\"Contact om naar Camping Lac des Charmilles in Saint-L\u00f4 te komen. Neem contact met ons op voor al uw vragen over uw vakantie in Normandi\u00eb.\",\"breadcrumb\":{\"@id\":\"https:\/\/www.camping-lacdescharmilles.com\/nl\/contact-acces\/#breadcrumb\"},\"inLanguage\":\"nl-NL\",\"potentialAction\":[{\"@type\":\"ReadAction\",\"target\":[\"https:\/\/www.camping-lacdescharmilles.com\/nl\/contact-acces\/\"]}]},{\"@type\":\"BreadcrumbList\",\"@id\":\"https:\/\/www.camping-lacdescharmilles.com\/nl\/contact-acces\/#breadcrumb\",\"itemListElement\":[{\"@type\":\"ListItem\",\"position\":1,\"name\":\"Camping Saint-L\u00f4\",\"item\":\"https:\/\/www.camping-lacdescharmilles.com\/nl\/\"},{\"@type\":\"ListItem\",\"position\":2,\"name\":\"Contact & Routebeschrijving\"}]}]}<\/script>\n<!-- \/ Yoast SEO plugin. -->","yoast_head_json":{"description":"Contact om naar Camping Lac des Charmilles in Saint-L\u00f4 te komen. Neem contact met ons op voor al uw vragen over uw vakantie in Normandi\u00eb.","robots":{"index":"index","follow":"follow","max-snippet":"max-snippet:-1","max-image-preview":"max-image-preview:large","max-video-preview":"max-video-preview:-1"},"canonical":"https:\/\/www.camping-lacdescharmilles.com\/nl\/contact-acces\/","og_locale":"nl_NL","og_type":"article","og_title":"Hoe komt u bij Camping Lac des Charmilles in Saint-L\u00f4 ?","og_description":"Contact om naar Camping Lac des Charmilles in Saint-L\u00f4 te komen. Neem contact met ons op voor al uw vragen over uw vakantie in Normandi\u00eb.","og_url":"https:\/\/www.camping-lacdescharmilles.com\/nl\/contact-acces\/","og_site_name":"Le Lac des Charmilles","article_modified_time":"2025-10-30T14:05:53+00:00","og_image":[{"width":2048,"height":1548,"url":"https:\/\/www.camping-lacdescharmilles.com\/wp-content\/uploads\/2022\/07\/12-scaled.jpg","type":"image\/jpeg"}],"twitter_card":"summary_large_image","twitter_misc":{"Est. reading time":"1 minute"},"schema":{"@context":"https:\/\/schema.org","@graph":[{"@type":"WebSite","@id":"https:\/\/www.camping-lacdescharmilles.com\/#website","url":"https:\/\/www.camping-lacdescharmilles.com\/","name":"Le Lac des Charmilles","description":"Camping 3 \u00e9toiles Le Lac des Charmilles \u00e0 Saint-L\u00f4","potentialAction":[{"@type":"SearchAction","target":{"@type":"EntryPoint","urlTemplate":"https:\/\/www.camping-lacdescharmilles.com\/?s={search_term_string}"},"query-input":"required name=search_term_string"}],"inLanguage":"nl-NL"},{"@type":"ImageObject","@id":"https:\/\/www.camping-lacdescharmilles.com\/nl\/contact-acces\/#primaryimage","inLanguage":"nl-NL","url":"https:\/\/www.camping-lacdescharmilles.com\/wp-content\/uploads\/2022\/07\/12-scaled.jpg","contentUrl":"https:\/\/www.camping-lacdescharmilles.com\/wp-content\/uploads\/2022\/07\/12-scaled.jpg","width":2048,"height":1548,"caption":"Anafi 1.8.2"},{"@type":"WebPage","@id":"https:\/\/www.camping-lacdescharmilles.com\/nl\/contact-acces\/#webpage","url":"https:\/\/www.camping-lacdescharmilles.com\/nl\/contact-acces\/","name":"Hoe komt u bij Camping Lac des Charmilles in Saint-L\u00f4 ?","isPartOf":{"@id":"https:\/\/www.camping-lacdescharmilles.com\/#website"},"primaryImageOfPage":{"@id":"https:\/\/www.camping-lacdescharmilles.com\/nl\/contact-acces\/#primaryimage"},"datePublished":"2022-03-07T15:17:02+00:00","dateModified":"2025-10-30T14:05:53+00:00","description":"Contact om naar Camping Lac des Charmilles in Saint-L\u00f4 te komen. Neem contact met ons op voor al uw vragen over uw vakantie in Normandi\u00eb.","breadcrumb":{"@id":"https:\/\/www.camping-lacdescharmilles.com\/nl\/contact-acces\/#breadcrumb"},"inLanguage":"nl-NL","potentialAction":[{"@type":"ReadAction","target":["https:\/\/www.camping-lacdescharmilles.com\/nl\/contact-acces\/"]}]},{"@type":"BreadcrumbList","@id":"https:\/\/www.camping-lacdescharmilles.com\/nl\/contact-acces\/#breadcrumb","itemListElement":[{"@type":"ListItem","position":1,"name":"Camping Saint-L\u00f4","item":"https:\/\/www.camping-lacdescharmilles.com\/nl\/"},{"@type":"ListItem","position":2,"name":"Contact & Routebeschrijving"}]}]}},"acf":[],"_links":{"self":[{"href":"https:\/\/www.camping-lacdescharmilles.com\/nl\/wp-json\/wp\/v2\/pages\/2585"}],"collection":[{"href":"https:\/\/www.camping-lacdescharmilles.com\/nl\/wp-json\/wp\/v2\/pages"}],"about":[{"href":"https:\/\/www.camping-lacdescharmilles.com\/nl\/wp-json\/wp\/v2\/types\/page"}],"author":[{"embeddable":true,"href":"https:\/\/www.camping-lacdescharmilles.com\/nl\/wp-json\/wp\/v2\/users\/3"}],"replies":[{"embeddable":true,"href":"https:\/\/www.camping-lacdescharmilles.com\/nl\/wp-json\/wp\/v2\/comments?post=2585"}],"version-history":[{"count":5,"href":"https:\/\/www.camping-lacdescharmilles.com\/nl\/wp-json\/wp\/v2\/pages\/2585\/revisions"}],"predecessor-version":[{"id":2765,"href":"https:\/\/www.camping-lacdescharmilles.com\/nl\/wp-json\/wp\/v2\/pages\/2585\/revisions\/2765"}],"wp:featuredmedia":[{"embeddable":true,"href":"https:\/\/www.camping-lacdescharmilles.com\/nl\/wp-json\/wp\/v2\/media\/2183"}],"wp:attachment":[{"href":"https:\/\/www.camping-lacdescharmilles.com\/nl\/wp-json\/wp\/v2\/media?parent=2585"}],"curies":[{"name":"wp","href":"https:\/\/api.w.org\/{rel}","templated":true}]}}