{"id":2573,"date":"2022-03-07T15:17:07","date_gmt":"2022-03-07T15:17:07","guid":{"rendered":"https:\/\/www.camping-lacdescharmilles.com\/camping-avec-animation\/"},"modified":"2025-10-30T11:28:30","modified_gmt":"2025-10-30T11:28:30","slug":"animatie","status":"publish","type":"page","link":"https:\/\/www.camping-lacdescharmilles.com\/nl\/camping-3-sterren-saint-lo\/animatie\/","title":{"rendered":"Camping Saint-L\u00f4 met animaties"},"content":{"rendered":"","protected":false},"excerpt":{"rendered":"","protected":false},"author":5,"featured_media":2348,"parent":2560,"menu_order":10,"comment_status":"closed","ping_status":"closed","template":"","meta":[],"yoast_head":"<!-- This site is optimized with the Yoast SEO plugin v18.2 - https:\/\/yoast.com\/wordpress\/plugins\/seo\/ -->\n<meta name=\"description\" content=\"Een camping met gezinsanimatie voor jong en oud. Kinderclub, avondanimatie voor een vakantie geschikt voor iedereen\" \/>\n<meta name=\"robots\" content=\"index, follow, max-snippet:-1, max-image-preview:large, max-video-preview:-1\" \/>\n<link rel=\"canonical\" href=\"https:\/\/www.camping-lacdescharmilles.com\/nl\/camping-3-sterren-saint-lo\/animatie\/\" \/>\n<meta property=\"og:locale\" content=\"nl_NL\" \/>\n<meta property=\"og:type\" content=\"article\" \/>\n<meta property=\"og:title\" content=\"Camping Saint-L\u00f4 met animaties | Animaties voor het hele gezin\" \/>\n<meta property=\"og:description\" content=\"Een camping met gezinsanimatie voor jong en oud. Kinderclub, avondanimatie voor een vakantie geschikt voor iedereen\" \/>\n<meta property=\"og:url\" content=\"https:\/\/www.camping-lacdescharmilles.com\/nl\/camping-3-sterren-saint-lo\/animatie\/\" \/>\n<meta property=\"og:site_name\" content=\"Le Lac des Charmilles\" \/>\n<meta property=\"article:modified_time\" content=\"2025-10-30T11:28:30+00:00\" \/>\n<meta property=\"og:image\" content=\"https:\/\/www.camping-lacdescharmilles.com\/wp-content\/uploads\/2022\/07\/15-_4193-scaled.jpg\" \/>\n\t<meta property=\"og:image:width\" content=\"1707\" \/>\n\t<meta property=\"og:image:height\" content=\"2560\" \/>\n\t<meta property=\"og:image:type\" content=\"image\/jpeg\" \/>\n<meta name=\"twitter:card\" content=\"summary_large_image\" \/>\n<script type=\"application\/ld+json\" class=\"yoast-schema-graph\">{\"@context\":\"https:\/\/schema.org\",\"@graph\":[{\"@type\":\"WebSite\",\"@id\":\"https:\/\/www.camping-lacdescharmilles.com\/#website\",\"url\":\"https:\/\/www.camping-lacdescharmilles.com\/\",\"name\":\"Le Lac des Charmilles\",\"description\":\"Camping 3 \u00e9toiles Le Lac des Charmilles \u00e0 Saint-L\u00f4\",\"potentialAction\":[{\"@type\":\"SearchAction\",\"target\":{\"@type\":\"EntryPoint\",\"urlTemplate\":\"https:\/\/www.camping-lacdescharmilles.com\/?s={search_term_string}\"},\"query-input\":\"required name=search_term_string\"}],\"inLanguage\":\"nl-NL\"},{\"@type\":\"ImageObject\",\"@id\":\"https:\/\/www.camping-lacdescharmilles.com\/nl\/camping-3-sterren-saint-lo\/animatie\/#primaryimage\",\"inLanguage\":\"nl-NL\",\"url\":\"https:\/\/www.camping-lacdescharmilles.com\/wp-content\/uploads\/2022\/07\/15-_4193-scaled.jpg\",\"contentUrl\":\"https:\/\/www.camping-lacdescharmilles.com\/wp-content\/uploads\/2022\/07\/15-_4193-scaled.jpg\",\"width\":1707,\"height\":2560,\"caption\":\"Camping opblaasbare met kinderclub in Normandi\u00eb\"},{\"@type\":\"WebPage\",\"@id\":\"https:\/\/www.camping-lacdescharmilles.com\/nl\/camping-3-sterren-saint-lo\/animatie\/#webpage\",\"url\":\"https:\/\/www.camping-lacdescharmilles.com\/nl\/camping-3-sterren-saint-lo\/animatie\/\",\"name\":\"Camping Saint-L\u00f4 met animaties | Animaties voor het hele gezin\",\"isPartOf\":{\"@id\":\"https:\/\/www.camping-lacdescharmilles.com\/#website\"},\"primaryImageOfPage\":{\"@id\":\"https:\/\/www.camping-lacdescharmilles.com\/nl\/camping-3-sterren-saint-lo\/animatie\/#primaryimage\"},\"datePublished\":\"2022-03-07T15:17:07+00:00\",\"dateModified\":\"2025-10-30T11:28:30+00:00\",\"description\":\"Een camping met gezinsanimatie voor jong en oud. Kinderclub, avondanimatie voor een vakantie geschikt voor iedereen\",\"breadcrumb\":{\"@id\":\"https:\/\/www.camping-lacdescharmilles.com\/nl\/camping-3-sterren-saint-lo\/animatie\/#breadcrumb\"},\"inLanguage\":\"nl-NL\",\"potentialAction\":[{\"@type\":\"ReadAction\",\"target\":[\"https:\/\/www.camping-lacdescharmilles.com\/nl\/camping-3-sterren-saint-lo\/animatie\/\"]}]},{\"@type\":\"BreadcrumbList\",\"@id\":\"https:\/\/www.camping-lacdescharmilles.com\/nl\/camping-3-sterren-saint-lo\/animatie\/#breadcrumb\",\"itemListElement\":[{\"@type\":\"ListItem\",\"position\":1,\"name\":\"Camping Saint-L\u00f4\",\"item\":\"https:\/\/www.camping-lacdescharmilles.com\/nl\/\"},{\"@type\":\"ListItem\",\"position\":2,\"name\":\"3-sterrencamping in Saint-L\u00f4\",\"item\":\"https:\/\/www.camping-lacdescharmilles.com\/nl\/camping-3-sterren-saint-lo\/\"},{\"@type\":\"ListItem\",\"position\":3,\"name\":\"Camping Saint-L\u00f4 met animaties\"}]}]}<\/script>\n<!-- \/ Yoast SEO plugin. -->","yoast_head_json":{"description":"Een camping met gezinsanimatie voor jong en oud. Kinderclub, avondanimatie voor een vakantie geschikt voor iedereen","robots":{"index":"index","follow":"follow","max-snippet":"max-snippet:-1","max-image-preview":"max-image-preview:large","max-video-preview":"max-video-preview:-1"},"canonical":"https:\/\/www.camping-lacdescharmilles.com\/nl\/camping-3-sterren-saint-lo\/animatie\/","og_locale":"nl_NL","og_type":"article","og_title":"Camping Saint-L\u00f4 met animaties | Animaties voor het hele gezin","og_description":"Een camping met gezinsanimatie voor jong en oud. Kinderclub, avondanimatie voor een vakantie geschikt voor iedereen","og_url":"https:\/\/www.camping-lacdescharmilles.com\/nl\/camping-3-sterren-saint-lo\/animatie\/","og_site_name":"Le Lac des Charmilles","article_modified_time":"2025-10-30T11:28:30+00:00","og_image":[{"width":1707,"height":2560,"url":"https:\/\/www.camping-lacdescharmilles.com\/wp-content\/uploads\/2022\/07\/15-_4193-scaled.jpg","type":"image\/jpeg"}],"twitter_card":"summary_large_image","schema":{"@context":"https:\/\/schema.org","@graph":[{"@type":"WebSite","@id":"https:\/\/www.camping-lacdescharmilles.com\/#website","url":"https:\/\/www.camping-lacdescharmilles.com\/","name":"Le Lac des Charmilles","description":"Camping 3 \u00e9toiles Le Lac des Charmilles \u00e0 Saint-L\u00f4","potentialAction":[{"@type":"SearchAction","target":{"@type":"EntryPoint","urlTemplate":"https:\/\/www.camping-lacdescharmilles.com\/?s={search_term_string}"},"query-input":"required name=search_term_string"}],"inLanguage":"nl-NL"},{"@type":"ImageObject","@id":"https:\/\/www.camping-lacdescharmilles.com\/nl\/camping-3-sterren-saint-lo\/animatie\/#primaryimage","inLanguage":"nl-NL","url":"https:\/\/www.camping-lacdescharmilles.com\/wp-content\/uploads\/2022\/07\/15-_4193-scaled.jpg","contentUrl":"https:\/\/www.camping-lacdescharmilles.com\/wp-content\/uploads\/2022\/07\/15-_4193-scaled.jpg","width":1707,"height":2560,"caption":"Camping opblaasbare met kinderclub in Normandi\u00eb"},{"@type":"WebPage","@id":"https:\/\/www.camping-lacdescharmilles.com\/nl\/camping-3-sterren-saint-lo\/animatie\/#webpage","url":"https:\/\/www.camping-lacdescharmilles.com\/nl\/camping-3-sterren-saint-lo\/animatie\/","name":"Camping Saint-L\u00f4 met animaties | Animaties voor het hele gezin","isPartOf":{"@id":"https:\/\/www.camping-lacdescharmilles.com\/#website"},"primaryImageOfPage":{"@id":"https:\/\/www.camping-lacdescharmilles.com\/nl\/camping-3-sterren-saint-lo\/animatie\/#primaryimage"},"datePublished":"2022-03-07T15:17:07+00:00","dateModified":"2025-10-30T11:28:30+00:00","description":"Een camping met gezinsanimatie voor jong en oud. Kinderclub, avondanimatie voor een vakantie geschikt voor iedereen","breadcrumb":{"@id":"https:\/\/www.camping-lacdescharmilles.com\/nl\/camping-3-sterren-saint-lo\/animatie\/#breadcrumb"},"inLanguage":"nl-NL","potentialAction":[{"@type":"ReadAction","target":["https:\/\/www.camping-lacdescharmilles.com\/nl\/camping-3-sterren-saint-lo\/animatie\/"]}]},{"@type":"BreadcrumbList","@id":"https:\/\/www.camping-lacdescharmilles.com\/nl\/camping-3-sterren-saint-lo\/animatie\/#breadcrumb","itemListElement":[{"@type":"ListItem","position":1,"name":"Camping Saint-L\u00f4","item":"https:\/\/www.camping-lacdescharmilles.com\/nl\/"},{"@type":"ListItem","position":2,"name":"3-sterrencamping in Saint-L\u00f4","item":"https:\/\/www.camping-lacdescharmilles.com\/nl\/camping-3-sterren-saint-lo\/"},{"@type":"ListItem","position":3,"name":"Camping Saint-L\u00f4 met animaties"}]}]}},"acf":[],"_links":{"self":[{"href":"https:\/\/www.camping-lacdescharmilles.com\/nl\/wp-json\/wp\/v2\/pages\/2573"}],"collection":[{"href":"https:\/\/www.camping-lacdescharmilles.com\/nl\/wp-json\/wp\/v2\/pages"}],"about":[{"href":"https:\/\/www.camping-lacdescharmilles.com\/nl\/wp-json\/wp\/v2\/types\/page"}],"author":[{"embeddable":true,"href":"https:\/\/www.camping-lacdescharmilles.com\/nl\/wp-json\/wp\/v2\/users\/5"}],"replies":[{"embeddable":true,"href":"https:\/\/www.camping-lacdescharmilles.com\/nl\/wp-json\/wp\/v2\/comments?post=2573"}],"version-history":[{"count":2,"href":"https:\/\/www.camping-lacdescharmilles.com\/nl\/wp-json\/wp\/v2\/pages\/2573\/revisions"}],"predecessor-version":[{"id":3723,"href":"https:\/\/www.camping-lacdescharmilles.com\/nl\/wp-json\/wp\/v2\/pages\/2573\/revisions\/3723"}],"up":[{"embeddable":true,"href":"https:\/\/www.camping-lacdescharmilles.com\/nl\/wp-json\/wp\/v2\/pages\/2560"}],"wp:featuredmedia":[{"embeddable":true,"href":"https:\/\/www.camping-lacdescharmilles.com\/nl\/wp-json\/wp\/v2\/media\/2348"}],"wp:attachment":[{"href":"https:\/\/www.camping-lacdescharmilles.com\/nl\/wp-json\/wp\/v2\/media?parent=2573"}],"curies":[{"name":"wp","href":"https:\/\/api.w.org\/{rel}","templated":true}]}}