{"id":2561,"date":"2022-03-07T15:17:04","date_gmt":"2022-03-07T15:17:04","guid":{"rendered":"https:\/\/www.camping-lacdescharmilles.com\/camping-3-etoiles-saint-lo\/restaurant-bar-snack-camping\/"},"modified":"2025-10-30T11:53:00","modified_gmt":"2025-10-30T11:53:00","slug":"restaurant","status":"publish","type":"page","link":"https:\/\/www.camping-lacdescharmilles.com\/nl\/camping-3-sterren-saint-lo\/restaurant\/","title":{"rendered":"Restaurant bar-snackbar op de camping"},"content":{"rendered":"","protected":false},"excerpt":{"rendered":"","protected":false},"author":5,"featured_media":2207,"parent":2560,"menu_order":4,"comment_status":"closed","ping_status":"closed","template":"","meta":[],"yoast_head":"<!-- This site is optimized with the Yoast SEO plugin v18.2 - https:\/\/yoast.com\/wordpress\/plugins\/seo\/ -->\n<meta name=\"description\" content=\"Het bar-snack restaurant van de 3* camping Le Lac des Charmilles verwent u met lekker eten en verfrissende drankjes!\" \/>\n<meta name=\"robots\" content=\"index, follow, max-snippet:-1, max-image-preview:large, max-video-preview:-1\" \/>\n<link rel=\"canonical\" href=\"https:\/\/www.camping-lacdescharmilles.com\/nl\/camping-3-sterren-saint-lo\/restaurant\/\" \/>\n<meta property=\"og:locale\" content=\"nl_NL\" \/>\n<meta property=\"og:type\" content=\"article\" \/>\n<meta property=\"og:title\" content=\"Restaurant Bar-Snack van de camping | Camping 3* Le Lac des Charmilles\" \/>\n<meta property=\"og:description\" content=\"Het bar-snack restaurant van de 3* camping Le Lac des Charmilles verwent u met lekker eten en verfrissende drankjes!\" \/>\n<meta property=\"og:url\" content=\"https:\/\/www.camping-lacdescharmilles.com\/nl\/camping-3-sterren-saint-lo\/restaurant\/\" \/>\n<meta property=\"og:site_name\" content=\"Le Lac des Charmilles\" \/>\n<meta property=\"article:modified_time\" content=\"2025-10-30T11:53:00+00:00\" \/>\n<meta property=\"og:image\" content=\"https:\/\/www.camping-lacdescharmilles.com\/wp-content\/uploads\/2022\/07\/11-_4313-scaled.jpg\" \/>\n\t<meta property=\"og:image:width\" content=\"2048\" \/>\n\t<meta property=\"og:image:height\" content=\"1366\" \/>\n\t<meta property=\"og:image:type\" content=\"image\/jpeg\" \/>\n<meta name=\"twitter:card\" content=\"summary_large_image\" \/>\n<script type=\"application\/ld+json\" class=\"yoast-schema-graph\">{\"@context\":\"https:\/\/schema.org\",\"@graph\":[{\"@type\":\"WebSite\",\"@id\":\"https:\/\/www.camping-lacdescharmilles.com\/#website\",\"url\":\"https:\/\/www.camping-lacdescharmilles.com\/\",\"name\":\"Le Lac des Charmilles\",\"description\":\"Camping 3 \u00e9toiles Le Lac des Charmilles \u00e0 Saint-L\u00f4\",\"potentialAction\":[{\"@type\":\"SearchAction\",\"target\":{\"@type\":\"EntryPoint\",\"urlTemplate\":\"https:\/\/www.camping-lacdescharmilles.com\/?s={search_term_string}\"},\"query-input\":\"required name=search_term_string\"}],\"inLanguage\":\"nl-NL\"},{\"@type\":\"ImageObject\",\"@id\":\"https:\/\/www.camping-lacdescharmilles.com\/nl\/camping-3-sterren-saint-lo\/restaurant\/#primaryimage\",\"inLanguage\":\"nl-NL\",\"url\":\"https:\/\/www.camping-lacdescharmilles.com\/wp-content\/uploads\/2022\/07\/11-_4313-scaled.jpg\",\"contentUrl\":\"https:\/\/www.camping-lacdescharmilles.com\/wp-content\/uploads\/2022\/07\/11-_4313-scaled.jpg\",\"width\":2048,\"height\":1366,\"caption\":\"Snackbar camping Le Lac des Charmille in Normandi\u00eb\"},{\"@type\":\"WebPage\",\"@id\":\"https:\/\/www.camping-lacdescharmilles.com\/nl\/camping-3-sterren-saint-lo\/restaurant\/#webpage\",\"url\":\"https:\/\/www.camping-lacdescharmilles.com\/nl\/camping-3-sterren-saint-lo\/restaurant\/\",\"name\":\"Restaurant Bar-Snack van de camping | Camping 3* Le Lac des Charmilles\",\"isPartOf\":{\"@id\":\"https:\/\/www.camping-lacdescharmilles.com\/#website\"},\"primaryImageOfPage\":{\"@id\":\"https:\/\/www.camping-lacdescharmilles.com\/nl\/camping-3-sterren-saint-lo\/restaurant\/#primaryimage\"},\"datePublished\":\"2022-03-07T15:17:04+00:00\",\"dateModified\":\"2025-10-30T11:53:00+00:00\",\"description\":\"Het bar-snack restaurant van de 3* camping Le Lac des Charmilles verwent u met lekker eten en verfrissende drankjes!\",\"breadcrumb\":{\"@id\":\"https:\/\/www.camping-lacdescharmilles.com\/nl\/camping-3-sterren-saint-lo\/restaurant\/#breadcrumb\"},\"inLanguage\":\"nl-NL\",\"potentialAction\":[{\"@type\":\"ReadAction\",\"target\":[\"https:\/\/www.camping-lacdescharmilles.com\/nl\/camping-3-sterren-saint-lo\/restaurant\/\"]}]},{\"@type\":\"BreadcrumbList\",\"@id\":\"https:\/\/www.camping-lacdescharmilles.com\/nl\/camping-3-sterren-saint-lo\/restaurant\/#breadcrumb\",\"itemListElement\":[{\"@type\":\"ListItem\",\"position\":1,\"name\":\"Camping Saint-L\u00f4\",\"item\":\"https:\/\/www.camping-lacdescharmilles.com\/nl\/\"},{\"@type\":\"ListItem\",\"position\":2,\"name\":\"3-sterrencamping in Saint-L\u00f4\",\"item\":\"https:\/\/www.camping-lacdescharmilles.com\/nl\/camping-3-sterren-saint-lo\/\"},{\"@type\":\"ListItem\",\"position\":3,\"name\":\"Restaurant bar-snackbar op de camping\"}]}]}<\/script>\n<!-- \/ Yoast SEO plugin. -->","yoast_head_json":{"description":"Het bar-snack restaurant van de 3* camping Le Lac des Charmilles verwent u met lekker eten en verfrissende drankjes!","robots":{"index":"index","follow":"follow","max-snippet":"max-snippet:-1","max-image-preview":"max-image-preview:large","max-video-preview":"max-video-preview:-1"},"canonical":"https:\/\/www.camping-lacdescharmilles.com\/nl\/camping-3-sterren-saint-lo\/restaurant\/","og_locale":"nl_NL","og_type":"article","og_title":"Restaurant Bar-Snack van de camping | Camping 3* Le Lac des Charmilles","og_description":"Het bar-snack restaurant van de 3* camping Le Lac des Charmilles verwent u met lekker eten en verfrissende drankjes!","og_url":"https:\/\/www.camping-lacdescharmilles.com\/nl\/camping-3-sterren-saint-lo\/restaurant\/","og_site_name":"Le Lac des Charmilles","article_modified_time":"2025-10-30T11:53:00+00:00","og_image":[{"width":2048,"height":1366,"url":"https:\/\/www.camping-lacdescharmilles.com\/wp-content\/uploads\/2022\/07\/11-_4313-scaled.jpg","type":"image\/jpeg"}],"twitter_card":"summary_large_image","schema":{"@context":"https:\/\/schema.org","@graph":[{"@type":"WebSite","@id":"https:\/\/www.camping-lacdescharmilles.com\/#website","url":"https:\/\/www.camping-lacdescharmilles.com\/","name":"Le Lac des Charmilles","description":"Camping 3 \u00e9toiles Le Lac des Charmilles \u00e0 Saint-L\u00f4","potentialAction":[{"@type":"SearchAction","target":{"@type":"EntryPoint","urlTemplate":"https:\/\/www.camping-lacdescharmilles.com\/?s={search_term_string}"},"query-input":"required name=search_term_string"}],"inLanguage":"nl-NL"},{"@type":"ImageObject","@id":"https:\/\/www.camping-lacdescharmilles.com\/nl\/camping-3-sterren-saint-lo\/restaurant\/#primaryimage","inLanguage":"nl-NL","url":"https:\/\/www.camping-lacdescharmilles.com\/wp-content\/uploads\/2022\/07\/11-_4313-scaled.jpg","contentUrl":"https:\/\/www.camping-lacdescharmilles.com\/wp-content\/uploads\/2022\/07\/11-_4313-scaled.jpg","width":2048,"height":1366,"caption":"Snackbar camping Le Lac des Charmille in Normandi\u00eb"},{"@type":"WebPage","@id":"https:\/\/www.camping-lacdescharmilles.com\/nl\/camping-3-sterren-saint-lo\/restaurant\/#webpage","url":"https:\/\/www.camping-lacdescharmilles.com\/nl\/camping-3-sterren-saint-lo\/restaurant\/","name":"Restaurant Bar-Snack van de camping | Camping 3* Le Lac des Charmilles","isPartOf":{"@id":"https:\/\/www.camping-lacdescharmilles.com\/#website"},"primaryImageOfPage":{"@id":"https:\/\/www.camping-lacdescharmilles.com\/nl\/camping-3-sterren-saint-lo\/restaurant\/#primaryimage"},"datePublished":"2022-03-07T15:17:04+00:00","dateModified":"2025-10-30T11:53:00+00:00","description":"Het bar-snack restaurant van de 3* camping Le Lac des Charmilles verwent u met lekker eten en verfrissende drankjes!","breadcrumb":{"@id":"https:\/\/www.camping-lacdescharmilles.com\/nl\/camping-3-sterren-saint-lo\/restaurant\/#breadcrumb"},"inLanguage":"nl-NL","potentialAction":[{"@type":"ReadAction","target":["https:\/\/www.camping-lacdescharmilles.com\/nl\/camping-3-sterren-saint-lo\/restaurant\/"]}]},{"@type":"BreadcrumbList","@id":"https:\/\/www.camping-lacdescharmilles.com\/nl\/camping-3-sterren-saint-lo\/restaurant\/#breadcrumb","itemListElement":[{"@type":"ListItem","position":1,"name":"Camping Saint-L\u00f4","item":"https:\/\/www.camping-lacdescharmilles.com\/nl\/"},{"@type":"ListItem","position":2,"name":"3-sterrencamping in Saint-L\u00f4","item":"https:\/\/www.camping-lacdescharmilles.com\/nl\/camping-3-sterren-saint-lo\/"},{"@type":"ListItem","position":3,"name":"Restaurant bar-snackbar op de camping"}]}]}},"acf":[],"_links":{"self":[{"href":"https:\/\/www.camping-lacdescharmilles.com\/nl\/wp-json\/wp\/v2\/pages\/2561"}],"collection":[{"href":"https:\/\/www.camping-lacdescharmilles.com\/nl\/wp-json\/wp\/v2\/pages"}],"about":[{"href":"https:\/\/www.camping-lacdescharmilles.com\/nl\/wp-json\/wp\/v2\/types\/page"}],"author":[{"embeddable":true,"href":"https:\/\/www.camping-lacdescharmilles.com\/nl\/wp-json\/wp\/v2\/users\/5"}],"replies":[{"embeddable":true,"href":"https:\/\/www.camping-lacdescharmilles.com\/nl\/wp-json\/wp\/v2\/comments?post=2561"}],"version-history":[{"count":3,"href":"https:\/\/www.camping-lacdescharmilles.com\/nl\/wp-json\/wp\/v2\/pages\/2561\/revisions"}],"predecessor-version":[{"id":4443,"href":"https:\/\/www.camping-lacdescharmilles.com\/nl\/wp-json\/wp\/v2\/pages\/2561\/revisions\/4443"}],"up":[{"embeddable":true,"href":"https:\/\/www.camping-lacdescharmilles.com\/nl\/wp-json\/wp\/v2\/pages\/2560"}],"wp:featuredmedia":[{"embeddable":true,"href":"https:\/\/www.camping-lacdescharmilles.com\/nl\/wp-json\/wp\/v2\/media\/2207"}],"wp:attachment":[{"href":"https:\/\/www.camping-lacdescharmilles.com\/nl\/wp-json\/wp\/v2\/media?parent=2561"}],"curies":[{"name":"wp","href":"https:\/\/api.w.org\/{rel}","templated":true}]}}