{"id":1224,"date":"2022-03-07T15:17:05","date_gmt":"2022-03-07T15:17:05","guid":{"rendered":"http:\/\/charmilles.plune.fr\/camping-3-etoiles-saint-lo\/camping-mont-saint-michel-saint-lo\/"},"modified":"2025-10-30T06:56:45","modified_gmt":"2025-10-30T06:56:45","slug":"photo-gallery","status":"publish","type":"page","link":"https:\/\/www.camping-lacdescharmilles.com\/en\/campsite-torigny-les-villes\/photo-gallery\/","title":{"rendered":"The campsite in pictures"},"content":{"rendered":"","protected":false},"excerpt":{"rendered":"","protected":false},"author":5,"featured_media":1553,"parent":1221,"menu_order":5,"comment_status":"closed","ping_status":"closed","template":"","meta":[],"yoast_head":"<!-- This site is optimized with the Yoast SEO plugin v18.2 - https:\/\/yoast.com\/wordpress\/plugins\/seo\/ -->\n<meta name=\"description\" content=\"Our 3 star campsite Le Lac des Charmilles on the edge of Lake Normandy is conducive to a stay of the most exotic\" \/>\n<meta name=\"robots\" content=\"index, follow, max-snippet:-1, max-image-preview:large, max-video-preview:-1\" \/>\n<link rel=\"canonical\" href=\"https:\/\/www.camping-lacdescharmilles.com\/en\/campsite-torigny-les-villes\/photo-gallery\/\" \/>\n<meta property=\"og:locale\" content=\"en_US\" \/>\n<meta property=\"og:type\" content=\"article\" \/>\n<meta property=\"og:title\" content=\"3* Thematic Camping Torigny-Les-Villes | Le Lac des Charmilles\" \/>\n<meta property=\"og:description\" content=\"Our 3 star campsite Le Lac des Charmilles on the edge of Lake Normandy is conducive to a stay of the most exotic\" \/>\n<meta property=\"og:url\" content=\"https:\/\/www.camping-lacdescharmilles.com\/en\/campsite-torigny-les-villes\/photo-gallery\/\" \/>\n<meta property=\"og:site_name\" content=\"Le Lac des Charmilles\" \/>\n<meta property=\"article:modified_time\" content=\"2025-10-30T06:56:45+00:00\" \/>\n<meta property=\"og:image\" content=\"https:\/\/www.camping-lacdescharmilles.com\/wp-content\/uploads\/2022\/07\/39-_4291-scaled.jpg\" \/>\n\t<meta property=\"og:image:width\" content=\"2048\" \/>\n\t<meta property=\"og:image:height\" content=\"1366\" \/>\n\t<meta property=\"og:image:type\" content=\"image\/jpeg\" \/>\n<meta name=\"twitter:card\" content=\"summary_large_image\" \/>\n<script type=\"application\/ld+json\" class=\"yoast-schema-graph\">{\"@context\":\"https:\/\/schema.org\",\"@graph\":[{\"@type\":\"WebSite\",\"@id\":\"https:\/\/www.camping-lacdescharmilles.com\/#website\",\"url\":\"https:\/\/www.camping-lacdescharmilles.com\/\",\"name\":\"Le Lac des Charmilles\",\"description\":\"Camping 3 \u00e9toiles Le Lac des Charmilles \u00e0 Saint-L\u00f4\",\"potentialAction\":[{\"@type\":\"SearchAction\",\"target\":{\"@type\":\"EntryPoint\",\"urlTemplate\":\"https:\/\/www.camping-lacdescharmilles.com\/?s={search_term_string}\"},\"query-input\":\"required name=search_term_string\"}],\"inLanguage\":\"en-US\"},{\"@type\":\"ImageObject\",\"@id\":\"https:\/\/www.camping-lacdescharmilles.com\/en\/campsite-torigny-les-villes\/photo-gallery\/#primaryimage\",\"inLanguage\":\"en-US\",\"url\":\"https:\/\/www.camping-lacdescharmilles.com\/wp-content\/uploads\/2022\/07\/39-_4291-scaled.jpg\",\"contentUrl\":\"https:\/\/www.camping-lacdescharmilles.com\/wp-content\/uploads\/2022\/07\/39-_4291-scaled.jpg\",\"width\":2048,\"height\":1366},{\"@type\":\"WebPage\",\"@id\":\"https:\/\/www.camping-lacdescharmilles.com\/en\/campsite-torigny-les-villes\/photo-gallery\/#webpage\",\"url\":\"https:\/\/www.camping-lacdescharmilles.com\/en\/campsite-torigny-les-villes\/photo-gallery\/\",\"name\":\"3* Thematic Camping Torigny-Les-Villes | Le Lac des Charmilles\",\"isPartOf\":{\"@id\":\"https:\/\/www.camping-lacdescharmilles.com\/#website\"},\"primaryImageOfPage\":{\"@id\":\"https:\/\/www.camping-lacdescharmilles.com\/en\/campsite-torigny-les-villes\/photo-gallery\/#primaryimage\"},\"datePublished\":\"2022-03-07T15:17:05+00:00\",\"dateModified\":\"2025-10-30T06:56:45+00:00\",\"description\":\"Our 3 star campsite Le Lac des Charmilles on the edge of Lake Normandy is conducive to a stay of the most exotic\",\"breadcrumb\":{\"@id\":\"https:\/\/www.camping-lacdescharmilles.com\/en\/campsite-torigny-les-villes\/photo-gallery\/#breadcrumb\"},\"inLanguage\":\"en-US\",\"potentialAction\":[{\"@type\":\"ReadAction\",\"target\":[\"https:\/\/www.camping-lacdescharmilles.com\/en\/campsite-torigny-les-villes\/photo-gallery\/\"]}]},{\"@type\":\"BreadcrumbList\",\"@id\":\"https:\/\/www.camping-lacdescharmilles.com\/en\/campsite-torigny-les-villes\/photo-gallery\/#breadcrumb\",\"itemListElement\":[{\"@type\":\"ListItem\",\"position\":1,\"name\":\"Camping Saint-L\u00f4\",\"item\":\"https:\/\/www.camping-lacdescharmilles.com\/en\/\"},{\"@type\":\"ListItem\",\"position\":2,\"name\":\"The history of camping\",\"item\":\"https:\/\/www.camping-lacdescharmilles.com\/en\/campsite-torigny-les-villes\/\"},{\"@type\":\"ListItem\",\"position\":3,\"name\":\"The campsite in pictures\"}]}]}<\/script>\n<!-- \/ Yoast SEO plugin. -->","yoast_head_json":{"description":"Our 3 star campsite Le Lac des Charmilles on the edge of Lake Normandy is conducive to a stay of the most exotic","robots":{"index":"index","follow":"follow","max-snippet":"max-snippet:-1","max-image-preview":"max-image-preview:large","max-video-preview":"max-video-preview:-1"},"canonical":"https:\/\/www.camping-lacdescharmilles.com\/en\/campsite-torigny-les-villes\/photo-gallery\/","og_locale":"en_US","og_type":"article","og_title":"3* Thematic Camping Torigny-Les-Villes | Le Lac des Charmilles","og_description":"Our 3 star campsite Le Lac des Charmilles on the edge of Lake Normandy is conducive to a stay of the most exotic","og_url":"https:\/\/www.camping-lacdescharmilles.com\/en\/campsite-torigny-les-villes\/photo-gallery\/","og_site_name":"Le Lac des Charmilles","article_modified_time":"2025-10-30T06:56:45+00:00","og_image":[{"width":2048,"height":1366,"url":"https:\/\/www.camping-lacdescharmilles.com\/wp-content\/uploads\/2022\/07\/39-_4291-scaled.jpg","type":"image\/jpeg"}],"twitter_card":"summary_large_image","schema":{"@context":"https:\/\/schema.org","@graph":[{"@type":"WebSite","@id":"https:\/\/www.camping-lacdescharmilles.com\/#website","url":"https:\/\/www.camping-lacdescharmilles.com\/","name":"Le Lac des Charmilles","description":"Camping 3 \u00e9toiles Le Lac des Charmilles \u00e0 Saint-L\u00f4","potentialAction":[{"@type":"SearchAction","target":{"@type":"EntryPoint","urlTemplate":"https:\/\/www.camping-lacdescharmilles.com\/?s={search_term_string}"},"query-input":"required name=search_term_string"}],"inLanguage":"en-US"},{"@type":"ImageObject","@id":"https:\/\/www.camping-lacdescharmilles.com\/en\/campsite-torigny-les-villes\/photo-gallery\/#primaryimage","inLanguage":"en-US","url":"https:\/\/www.camping-lacdescharmilles.com\/wp-content\/uploads\/2022\/07\/39-_4291-scaled.jpg","contentUrl":"https:\/\/www.camping-lacdescharmilles.com\/wp-content\/uploads\/2022\/07\/39-_4291-scaled.jpg","width":2048,"height":1366},{"@type":"WebPage","@id":"https:\/\/www.camping-lacdescharmilles.com\/en\/campsite-torigny-les-villes\/photo-gallery\/#webpage","url":"https:\/\/www.camping-lacdescharmilles.com\/en\/campsite-torigny-les-villes\/photo-gallery\/","name":"3* Thematic Camping Torigny-Les-Villes | Le Lac des Charmilles","isPartOf":{"@id":"https:\/\/www.camping-lacdescharmilles.com\/#website"},"primaryImageOfPage":{"@id":"https:\/\/www.camping-lacdescharmilles.com\/en\/campsite-torigny-les-villes\/photo-gallery\/#primaryimage"},"datePublished":"2022-03-07T15:17:05+00:00","dateModified":"2025-10-30T06:56:45+00:00","description":"Our 3 star campsite Le Lac des Charmilles on the edge of Lake Normandy is conducive to a stay of the most exotic","breadcrumb":{"@id":"https:\/\/www.camping-lacdescharmilles.com\/en\/campsite-torigny-les-villes\/photo-gallery\/#breadcrumb"},"inLanguage":"en-US","potentialAction":[{"@type":"ReadAction","target":["https:\/\/www.camping-lacdescharmilles.com\/en\/campsite-torigny-les-villes\/photo-gallery\/"]}]},{"@type":"BreadcrumbList","@id":"https:\/\/www.camping-lacdescharmilles.com\/en\/campsite-torigny-les-villes\/photo-gallery\/#breadcrumb","itemListElement":[{"@type":"ListItem","position":1,"name":"Camping Saint-L\u00f4","item":"https:\/\/www.camping-lacdescharmilles.com\/en\/"},{"@type":"ListItem","position":2,"name":"The history of camping","item":"https:\/\/www.camping-lacdescharmilles.com\/en\/campsite-torigny-les-villes\/"},{"@type":"ListItem","position":3,"name":"The campsite in pictures"}]}]}},"acf":[],"_links":{"self":[{"href":"https:\/\/www.camping-lacdescharmilles.com\/en\/wp-json\/wp\/v2\/pages\/1224"}],"collection":[{"href":"https:\/\/www.camping-lacdescharmilles.com\/en\/wp-json\/wp\/v2\/pages"}],"about":[{"href":"https:\/\/www.camping-lacdescharmilles.com\/en\/wp-json\/wp\/v2\/types\/page"}],"author":[{"embeddable":true,"href":"https:\/\/www.camping-lacdescharmilles.com\/en\/wp-json\/wp\/v2\/users\/5"}],"replies":[{"embeddable":true,"href":"https:\/\/www.camping-lacdescharmilles.com\/en\/wp-json\/wp\/v2\/comments?post=1224"}],"version-history":[{"count":3,"href":"https:\/\/www.camping-lacdescharmilles.com\/en\/wp-json\/wp\/v2\/pages\/1224\/revisions"}],"predecessor-version":[{"id":4378,"href":"https:\/\/www.camping-lacdescharmilles.com\/en\/wp-json\/wp\/v2\/pages\/1224\/revisions\/4378"}],"up":[{"embeddable":true,"href":"https:\/\/www.camping-lacdescharmilles.com\/en\/wp-json\/wp\/v2\/pages\/1221"}],"wp:featuredmedia":[{"embeddable":true,"href":"https:\/\/www.camping-lacdescharmilles.com\/en\/wp-json\/wp\/v2\/media\/1553"}],"wp:attachment":[{"href":"https:\/\/www.camping-lacdescharmilles.com\/en\/wp-json\/wp\/v2\/media?parent=1224"}],"curies":[{"name":"wp","href":"https:\/\/api.w.org\/{rel}","templated":true}]}}