{"id":1223,"date":"2022-03-07T15:17:04","date_gmt":"2022-03-07T15:17:04","guid":{"rendered":"http:\/\/charmilles.plune.fr\/camping-3-etoiles-saint-lo\/camping-avec-restaurant-a-saint-lo\/"},"modified":"2025-10-30T11:53:40","modified_gmt":"2025-10-30T11:53:40","slug":"restaurant","status":"publish","type":"page","link":"https:\/\/www.camping-lacdescharmilles.com\/en\/campsite-3-star-saint-lo\/restaurant\/","title":{"rendered":"Discover our bar-snack-restaurant"},"content":{"rendered":"","protected":false},"excerpt":{"rendered":"","protected":false},"author":5,"featured_media":1459,"parent":1222,"menu_order":4,"comment_status":"closed","ping_status":"closed","template":"","meta":[],"yoast_head":"<!-- This site is optimized with the Yoast SEO plugin v18.2 - https:\/\/yoast.com\/wordpress\/plugins\/seo\/ -->\n<meta name=\"description\" content=\"The bar-snack-restaurant of the Discover our bar-snack-restaurant campsite will treat you to good food and refreshing drinks!\" \/>\n<meta name=\"robots\" content=\"index, follow, max-snippet:-1, max-image-preview:large, max-video-preview:-1\" \/>\n<link rel=\"canonical\" href=\"https:\/\/www.camping-lacdescharmilles.com\/en\/campsite-3-star-saint-lo\/restaurant\/\" \/>\n<meta property=\"og:locale\" content=\"en_US\" \/>\n<meta property=\"og:type\" content=\"article\" \/>\n<meta property=\"og:title\" content=\"3* campsite with restaurant Torigny-Les-Villes | Le Lac des Charmilles\" \/>\n<meta property=\"og:description\" content=\"The bar-snack-restaurant of the Discover our bar-snack-restaurant campsite will treat you to good food and refreshing drinks!\" \/>\n<meta property=\"og:url\" content=\"https:\/\/www.camping-lacdescharmilles.com\/en\/campsite-3-star-saint-lo\/restaurant\/\" \/>\n<meta property=\"og:site_name\" content=\"Le Lac des Charmilles\" \/>\n<meta property=\"article:modified_time\" content=\"2025-10-30T11:53:40+00:00\" \/>\n<meta property=\"og:image\" content=\"https:\/\/www.camping-lacdescharmilles.com\/wp-content\/uploads\/2022\/07\/11-_4313-scaled.jpg\" \/>\n\t<meta property=\"og:image:width\" content=\"2048\" \/>\n\t<meta property=\"og:image:height\" content=\"1366\" \/>\n\t<meta property=\"og:image:type\" content=\"image\/jpeg\" \/>\n<meta name=\"twitter:card\" content=\"summary_large_image\" \/>\n<script type=\"application\/ld+json\" class=\"yoast-schema-graph\">{\"@context\":\"https:\/\/schema.org\",\"@graph\":[{\"@type\":\"WebSite\",\"@id\":\"https:\/\/www.camping-lacdescharmilles.com\/#website\",\"url\":\"https:\/\/www.camping-lacdescharmilles.com\/\",\"name\":\"Le Lac des Charmilles\",\"description\":\"Camping 3 \u00e9toiles Le Lac des Charmilles \u00e0 Saint-L\u00f4\",\"potentialAction\":[{\"@type\":\"SearchAction\",\"target\":{\"@type\":\"EntryPoint\",\"urlTemplate\":\"https:\/\/www.camping-lacdescharmilles.com\/?s={search_term_string}\"},\"query-input\":\"required name=search_term_string\"}],\"inLanguage\":\"en-US\"},{\"@type\":\"ImageObject\",\"@id\":\"https:\/\/www.camping-lacdescharmilles.com\/en\/campsite-3-star-saint-lo\/restaurant\/#primaryimage\",\"inLanguage\":\"en-US\",\"url\":\"https:\/\/www.camping-lacdescharmilles.com\/wp-content\/uploads\/2022\/07\/11-_4313-scaled.jpg\",\"contentUrl\":\"https:\/\/www.camping-lacdescharmilles.com\/wp-content\/uploads\/2022\/07\/11-_4313-scaled.jpg\",\"width\":2048,\"height\":1366,\"caption\":\"Snack bar camping Le Lac des Charmille in Normandy\"},{\"@type\":\"WebPage\",\"@id\":\"https:\/\/www.camping-lacdescharmilles.com\/en\/campsite-3-star-saint-lo\/restaurant\/#webpage\",\"url\":\"https:\/\/www.camping-lacdescharmilles.com\/en\/campsite-3-star-saint-lo\/restaurant\/\",\"name\":\"3* campsite with restaurant Torigny-Les-Villes | Le Lac des Charmilles\",\"isPartOf\":{\"@id\":\"https:\/\/www.camping-lacdescharmilles.com\/#website\"},\"primaryImageOfPage\":{\"@id\":\"https:\/\/www.camping-lacdescharmilles.com\/en\/campsite-3-star-saint-lo\/restaurant\/#primaryimage\"},\"datePublished\":\"2022-03-07T15:17:04+00:00\",\"dateModified\":\"2025-10-30T11:53:40+00:00\",\"description\":\"The bar-snack-restaurant of the Discover our bar-snack-restaurant campsite will treat you to good food and refreshing drinks!\",\"breadcrumb\":{\"@id\":\"https:\/\/www.camping-lacdescharmilles.com\/en\/campsite-3-star-saint-lo\/restaurant\/#breadcrumb\"},\"inLanguage\":\"en-US\",\"potentialAction\":[{\"@type\":\"ReadAction\",\"target\":[\"https:\/\/www.camping-lacdescharmilles.com\/en\/campsite-3-star-saint-lo\/restaurant\/\"]}]},{\"@type\":\"BreadcrumbList\",\"@id\":\"https:\/\/www.camping-lacdescharmilles.com\/en\/campsite-3-star-saint-lo\/restaurant\/#breadcrumb\",\"itemListElement\":[{\"@type\":\"ListItem\",\"position\":1,\"name\":\"Camping Saint-L\u00f4\",\"item\":\"https:\/\/www.camping-lacdescharmilles.com\/en\/\"},{\"@type\":\"ListItem\",\"position\":2,\"name\":\"3-star campsite in Saint-L\u00f4\",\"item\":\"https:\/\/www.camping-lacdescharmilles.com\/en\/campsite-3-star-saint-lo\/\"},{\"@type\":\"ListItem\",\"position\":3,\"name\":\"Discover our bar-snack-restaurant\"}]}]}<\/script>\n<!-- \/ Yoast SEO plugin. -->","yoast_head_json":{"description":"The bar-snack-restaurant of the Discover our bar-snack-restaurant campsite will treat you to good food and refreshing drinks!","robots":{"index":"index","follow":"follow","max-snippet":"max-snippet:-1","max-image-preview":"max-image-preview:large","max-video-preview":"max-video-preview:-1"},"canonical":"https:\/\/www.camping-lacdescharmilles.com\/en\/campsite-3-star-saint-lo\/restaurant\/","og_locale":"en_US","og_type":"article","og_title":"3* campsite with restaurant Torigny-Les-Villes | Le Lac des Charmilles","og_description":"The bar-snack-restaurant of the Discover our bar-snack-restaurant campsite will treat you to good food and refreshing drinks!","og_url":"https:\/\/www.camping-lacdescharmilles.com\/en\/campsite-3-star-saint-lo\/restaurant\/","og_site_name":"Le Lac des Charmilles","article_modified_time":"2025-10-30T11:53:40+00:00","og_image":[{"width":2048,"height":1366,"url":"https:\/\/www.camping-lacdescharmilles.com\/wp-content\/uploads\/2022\/07\/11-_4313-scaled.jpg","type":"image\/jpeg"}],"twitter_card":"summary_large_image","schema":{"@context":"https:\/\/schema.org","@graph":[{"@type":"WebSite","@id":"https:\/\/www.camping-lacdescharmilles.com\/#website","url":"https:\/\/www.camping-lacdescharmilles.com\/","name":"Le Lac des Charmilles","description":"Camping 3 \u00e9toiles Le Lac des Charmilles \u00e0 Saint-L\u00f4","potentialAction":[{"@type":"SearchAction","target":{"@type":"EntryPoint","urlTemplate":"https:\/\/www.camping-lacdescharmilles.com\/?s={search_term_string}"},"query-input":"required name=search_term_string"}],"inLanguage":"en-US"},{"@type":"ImageObject","@id":"https:\/\/www.camping-lacdescharmilles.com\/en\/campsite-3-star-saint-lo\/restaurant\/#primaryimage","inLanguage":"en-US","url":"https:\/\/www.camping-lacdescharmilles.com\/wp-content\/uploads\/2022\/07\/11-_4313-scaled.jpg","contentUrl":"https:\/\/www.camping-lacdescharmilles.com\/wp-content\/uploads\/2022\/07\/11-_4313-scaled.jpg","width":2048,"height":1366,"caption":"Snack bar camping Le Lac des Charmille in Normandy"},{"@type":"WebPage","@id":"https:\/\/www.camping-lacdescharmilles.com\/en\/campsite-3-star-saint-lo\/restaurant\/#webpage","url":"https:\/\/www.camping-lacdescharmilles.com\/en\/campsite-3-star-saint-lo\/restaurant\/","name":"3* campsite with restaurant Torigny-Les-Villes | Le Lac des Charmilles","isPartOf":{"@id":"https:\/\/www.camping-lacdescharmilles.com\/#website"},"primaryImageOfPage":{"@id":"https:\/\/www.camping-lacdescharmilles.com\/en\/campsite-3-star-saint-lo\/restaurant\/#primaryimage"},"datePublished":"2022-03-07T15:17:04+00:00","dateModified":"2025-10-30T11:53:40+00:00","description":"The bar-snack-restaurant of the Discover our bar-snack-restaurant campsite will treat you to good food and refreshing drinks!","breadcrumb":{"@id":"https:\/\/www.camping-lacdescharmilles.com\/en\/campsite-3-star-saint-lo\/restaurant\/#breadcrumb"},"inLanguage":"en-US","potentialAction":[{"@type":"ReadAction","target":["https:\/\/www.camping-lacdescharmilles.com\/en\/campsite-3-star-saint-lo\/restaurant\/"]}]},{"@type":"BreadcrumbList","@id":"https:\/\/www.camping-lacdescharmilles.com\/en\/campsite-3-star-saint-lo\/restaurant\/#breadcrumb","itemListElement":[{"@type":"ListItem","position":1,"name":"Camping Saint-L\u00f4","item":"https:\/\/www.camping-lacdescharmilles.com\/en\/"},{"@type":"ListItem","position":2,"name":"3-star campsite in Saint-L\u00f4","item":"https:\/\/www.camping-lacdescharmilles.com\/en\/campsite-3-star-saint-lo\/"},{"@type":"ListItem","position":3,"name":"Discover our bar-snack-restaurant"}]}]}},"acf":[],"_links":{"self":[{"href":"https:\/\/www.camping-lacdescharmilles.com\/en\/wp-json\/wp\/v2\/pages\/1223"}],"collection":[{"href":"https:\/\/www.camping-lacdescharmilles.com\/en\/wp-json\/wp\/v2\/pages"}],"about":[{"href":"https:\/\/www.camping-lacdescharmilles.com\/en\/wp-json\/wp\/v2\/types\/page"}],"author":[{"embeddable":true,"href":"https:\/\/www.camping-lacdescharmilles.com\/en\/wp-json\/wp\/v2\/users\/5"}],"replies":[{"embeddable":true,"href":"https:\/\/www.camping-lacdescharmilles.com\/en\/wp-json\/wp\/v2\/comments?post=1223"}],"version-history":[{"count":5,"href":"https:\/\/www.camping-lacdescharmilles.com\/en\/wp-json\/wp\/v2\/pages\/1223\/revisions"}],"predecessor-version":[{"id":4444,"href":"https:\/\/www.camping-lacdescharmilles.com\/en\/wp-json\/wp\/v2\/pages\/1223\/revisions\/4444"}],"up":[{"embeddable":true,"href":"https:\/\/www.camping-lacdescharmilles.com\/en\/wp-json\/wp\/v2\/pages\/1222"}],"wp:featuredmedia":[{"embeddable":true,"href":"https:\/\/www.camping-lacdescharmilles.com\/en\/wp-json\/wp\/v2\/media\/1459"}],"wp:attachment":[{"href":"https:\/\/www.camping-lacdescharmilles.com\/en\/wp-json\/wp\/v2\/media?parent=1223"}],"curies":[{"name":"wp","href":"https:\/\/api.w.org\/{rel}","templated":true}]}}