{"id":2581,"date":"2022-03-07T15:17:02","date_gmt":"2022-03-07T15:17:02","guid":{"rendered":"https:\/\/www.camping-lacdescharmilles.com\/mentions-legales\/"},"modified":"2026-04-29T08:02:37","modified_gmt":"2026-04-29T08:02:37","slug":"mentions-legales","status":"publish","type":"page","link":"https:\/\/www.camping-lacdescharmilles.com\/de\/mentions-legales\/","title":{"rendered":"Rechtliche Hinweise"},"content":{"rendered":"","protected":false},"excerpt":{"rendered":"","protected":false},"author":3,"featured_media":2182,"parent":0,"menu_order":14,"comment_status":"closed","ping_status":"closed","template":"","meta":[],"yoast_head":"<!-- This site is optimized with the Yoast SEO plugin v18.2 - https:\/\/yoast.com\/wordpress\/plugins\/seo\/ -->\n<meta name=\"description\" content=\"Rechtliche Hinweise des Campingplatzes Lac des Charmilles in Saint-L\u00f4. Bereiten Sie Ihren Aufenthalt auf einem 3-Sterne-Campingplatz in der Normandie vor.\" \/>\n<meta name=\"robots\" content=\"index, follow, max-snippet:-1, max-image-preview:large, max-video-preview:-1\" \/>\n<link rel=\"canonical\" href=\"https:\/\/www.camping-lacdescharmilles.com\/de\/mentions-legales\/\" \/>\n<meta property=\"og:locale\" content=\"de_DE\" \/>\n<meta property=\"og:type\" content=\"article\" \/>\n<meta property=\"og:title\" content=\"Rechtliche Hinweise | 3-Sterne-Campingplatz Lac des Charmilles in Saint-L\u00f4\" \/>\n<meta property=\"og:description\" content=\"Rechtliche Hinweise des Campingplatzes Lac des Charmilles in Saint-L\u00f4. Bereiten Sie Ihren Aufenthalt auf einem 3-Sterne-Campingplatz in der Normandie vor.\" \/>\n<meta property=\"og:url\" content=\"https:\/\/www.camping-lacdescharmilles.com\/de\/mentions-legales\/\" \/>\n<meta property=\"og:site_name\" content=\"Le Lac des Charmilles\" \/>\n<meta property=\"article:modified_time\" content=\"2026-04-29T08:02:37+00:00\" \/>\n<meta property=\"og:image\" content=\"https:\/\/www.camping-lacdescharmilles.com\/wp-content\/uploads\/2022\/07\/18-scaled.jpg\" \/>\n\t<meta property=\"og:image:width\" content=\"2048\" \/>\n\t<meta property=\"og:image:height\" content=\"1548\" \/>\n\t<meta property=\"og:image:type\" content=\"image\/jpeg\" \/>\n<meta name=\"twitter:card\" content=\"summary_large_image\" \/>\n<script type=\"application\/ld+json\" class=\"yoast-schema-graph\">{\"@context\":\"https:\/\/schema.org\",\"@graph\":[{\"@type\":\"WebSite\",\"@id\":\"https:\/\/www.camping-lacdescharmilles.com\/#website\",\"url\":\"https:\/\/www.camping-lacdescharmilles.com\/\",\"name\":\"Le Lac des Charmilles\",\"description\":\"Camping 3 \u00e9toiles Le Lac des Charmilles \u00e0 Saint-L\u00f4\",\"potentialAction\":[{\"@type\":\"SearchAction\",\"target\":{\"@type\":\"EntryPoint\",\"urlTemplate\":\"https:\/\/www.camping-lacdescharmilles.com\/?s={search_term_string}\"},\"query-input\":\"required name=search_term_string\"}],\"inLanguage\":\"de-DE\"},{\"@type\":\"ImageObject\",\"@id\":\"https:\/\/www.camping-lacdescharmilles.com\/de\/mentions-legales\/#primaryimage\",\"inLanguage\":\"de-DE\",\"url\":\"https:\/\/www.camping-lacdescharmilles.com\/wp-content\/uploads\/2022\/07\/18-scaled.jpg\",\"contentUrl\":\"https:\/\/www.camping-lacdescharmilles.com\/wp-content\/uploads\/2022\/07\/18-scaled.jpg\",\"width\":2048,\"height\":1548,\"caption\":\"Anafi 1.8.2\"},{\"@type\":\"WebPage\",\"@id\":\"https:\/\/www.camping-lacdescharmilles.com\/de\/mentions-legales\/#webpage\",\"url\":\"https:\/\/www.camping-lacdescharmilles.com\/de\/mentions-legales\/\",\"name\":\"Rechtliche Hinweise | 3-Sterne-Campingplatz Lac des Charmilles in Saint-L\u00f4\",\"isPartOf\":{\"@id\":\"https:\/\/www.camping-lacdescharmilles.com\/#website\"},\"primaryImageOfPage\":{\"@id\":\"https:\/\/www.camping-lacdescharmilles.com\/de\/mentions-legales\/#primaryimage\"},\"datePublished\":\"2022-03-07T15:17:02+00:00\",\"dateModified\":\"2026-04-29T08:02:37+00:00\",\"description\":\"Rechtliche Hinweise des Campingplatzes Lac des Charmilles in Saint-L\u00f4. Bereiten Sie Ihren Aufenthalt auf einem 3-Sterne-Campingplatz in der Normandie vor.\",\"breadcrumb\":{\"@id\":\"https:\/\/www.camping-lacdescharmilles.com\/de\/mentions-legales\/#breadcrumb\"},\"inLanguage\":\"de-DE\",\"potentialAction\":[{\"@type\":\"ReadAction\",\"target\":[\"https:\/\/www.camping-lacdescharmilles.com\/de\/mentions-legales\/\"]}]},{\"@type\":\"BreadcrumbList\",\"@id\":\"https:\/\/www.camping-lacdescharmilles.com\/de\/mentions-legales\/#breadcrumb\",\"itemListElement\":[{\"@type\":\"ListItem\",\"position\":1,\"name\":\"Camping Saint-L\u00f4\",\"item\":\"https:\/\/www.camping-lacdescharmilles.com\/de\/\"},{\"@type\":\"ListItem\",\"position\":2,\"name\":\"Rechtliche Hinweise\"}]}]}<\/script>\n<!-- \/ Yoast SEO plugin. -->","yoast_head_json":{"description":"Rechtliche Hinweise des Campingplatzes Lac des Charmilles in Saint-L\u00f4. Bereiten Sie Ihren Aufenthalt auf einem 3-Sterne-Campingplatz in der Normandie vor.","robots":{"index":"index","follow":"follow","max-snippet":"max-snippet:-1","max-image-preview":"max-image-preview:large","max-video-preview":"max-video-preview:-1"},"canonical":"https:\/\/www.camping-lacdescharmilles.com\/de\/mentions-legales\/","og_locale":"de_DE","og_type":"article","og_title":"Rechtliche Hinweise | 3-Sterne-Campingplatz Lac des Charmilles in Saint-L\u00f4","og_description":"Rechtliche Hinweise des Campingplatzes Lac des Charmilles in Saint-L\u00f4. Bereiten Sie Ihren Aufenthalt auf einem 3-Sterne-Campingplatz in der Normandie vor.","og_url":"https:\/\/www.camping-lacdescharmilles.com\/de\/mentions-legales\/","og_site_name":"Le Lac des Charmilles","article_modified_time":"2026-04-29T08:02:37+00:00","og_image":[{"width":2048,"height":1548,"url":"https:\/\/www.camping-lacdescharmilles.com\/wp-content\/uploads\/2022\/07\/18-scaled.jpg","type":"image\/jpeg"}],"twitter_card":"summary_large_image","schema":{"@context":"https:\/\/schema.org","@graph":[{"@type":"WebSite","@id":"https:\/\/www.camping-lacdescharmilles.com\/#website","url":"https:\/\/www.camping-lacdescharmilles.com\/","name":"Le Lac des Charmilles","description":"Camping 3 \u00e9toiles Le Lac des Charmilles \u00e0 Saint-L\u00f4","potentialAction":[{"@type":"SearchAction","target":{"@type":"EntryPoint","urlTemplate":"https:\/\/www.camping-lacdescharmilles.com\/?s={search_term_string}"},"query-input":"required name=search_term_string"}],"inLanguage":"de-DE"},{"@type":"ImageObject","@id":"https:\/\/www.camping-lacdescharmilles.com\/de\/mentions-legales\/#primaryimage","inLanguage":"de-DE","url":"https:\/\/www.camping-lacdescharmilles.com\/wp-content\/uploads\/2022\/07\/18-scaled.jpg","contentUrl":"https:\/\/www.camping-lacdescharmilles.com\/wp-content\/uploads\/2022\/07\/18-scaled.jpg","width":2048,"height":1548,"caption":"Anafi 1.8.2"},{"@type":"WebPage","@id":"https:\/\/www.camping-lacdescharmilles.com\/de\/mentions-legales\/#webpage","url":"https:\/\/www.camping-lacdescharmilles.com\/de\/mentions-legales\/","name":"Rechtliche Hinweise | 3-Sterne-Campingplatz Lac des Charmilles in Saint-L\u00f4","isPartOf":{"@id":"https:\/\/www.camping-lacdescharmilles.com\/#website"},"primaryImageOfPage":{"@id":"https:\/\/www.camping-lacdescharmilles.com\/de\/mentions-legales\/#primaryimage"},"datePublished":"2022-03-07T15:17:02+00:00","dateModified":"2026-04-29T08:02:37+00:00","description":"Rechtliche Hinweise des Campingplatzes Lac des Charmilles in Saint-L\u00f4. Bereiten Sie Ihren Aufenthalt auf einem 3-Sterne-Campingplatz in der Normandie vor.","breadcrumb":{"@id":"https:\/\/www.camping-lacdescharmilles.com\/de\/mentions-legales\/#breadcrumb"},"inLanguage":"de-DE","potentialAction":[{"@type":"ReadAction","target":["https:\/\/www.camping-lacdescharmilles.com\/de\/mentions-legales\/"]}]},{"@type":"BreadcrumbList","@id":"https:\/\/www.camping-lacdescharmilles.com\/de\/mentions-legales\/#breadcrumb","itemListElement":[{"@type":"ListItem","position":1,"name":"Camping Saint-L\u00f4","item":"https:\/\/www.camping-lacdescharmilles.com\/de\/"},{"@type":"ListItem","position":2,"name":"Rechtliche Hinweise"}]}]}},"acf":[],"_links":{"self":[{"href":"https:\/\/www.camping-lacdescharmilles.com\/de\/wp-json\/wp\/v2\/pages\/2581"}],"collection":[{"href":"https:\/\/www.camping-lacdescharmilles.com\/de\/wp-json\/wp\/v2\/pages"}],"about":[{"href":"https:\/\/www.camping-lacdescharmilles.com\/de\/wp-json\/wp\/v2\/types\/page"}],"author":[{"embeddable":true,"href":"https:\/\/www.camping-lacdescharmilles.com\/de\/wp-json\/wp\/v2\/users\/3"}],"replies":[{"embeddable":true,"href":"https:\/\/www.camping-lacdescharmilles.com\/de\/wp-json\/wp\/v2\/comments?post=2581"}],"version-history":[{"count":3,"href":"https:\/\/www.camping-lacdescharmilles.com\/de\/wp-json\/wp\/v2\/pages\/2581\/revisions"}],"predecessor-version":[{"id":4734,"href":"https:\/\/www.camping-lacdescharmilles.com\/de\/wp-json\/wp\/v2\/pages\/2581\/revisions\/4734"}],"wp:featuredmedia":[{"embeddable":true,"href":"https:\/\/www.camping-lacdescharmilles.com\/de\/wp-json\/wp\/v2\/media\/2182"}],"wp:attachment":[{"href":"https:\/\/www.camping-lacdescharmilles.com\/de\/wp-json\/wp\/v2\/media?parent=2581"}],"curies":[{"name":"wp","href":"https:\/\/api.w.org\/{rel}","templated":true}]}}