{"id":2552,"date":"2022-03-07T15:17:01","date_gmt":"2022-03-07T15:17:01","guid":{"rendered":"https:\/\/www.camping-lacdescharmilles.com\/accueil\/"},"modified":"2026-01-07T18:20:08","modified_gmt":"2026-01-07T18:20:08","slug":"accueil","status":"publish","type":"page","link":"https:\/\/www.camping-lacdescharmilles.com\/de\/","title":{"rendered":"Startseite"},"content":{"rendered":"","protected":false},"excerpt":{"rendered":"","protected":false},"author":5,"featured_media":0,"parent":0,"menu_order":0,"comment_status":"closed","ping_status":"closed","template":"","meta":[],"yoast_head":"<!-- This site is optimized with the Yoast SEO plugin v18.2 - https:\/\/yoast.com\/wordpress\/plugins\/seo\/ -->\n<meta name=\"description\" content=\"Erleben Sie einen Traumurlaub mit Familie oder Freunden auf dem Campingplatz Le Lac des Charmilles in der N\u00e4he von Saint-L\u00f4 zwischen Mont-Saint-Michel und Caen.\" \/>\n<meta name=\"robots\" content=\"index, follow, max-snippet:-1, max-image-preview:large, max-video-preview:-1\" \/>\n<link rel=\"canonical\" href=\"https:\/\/www.camping-lacdescharmilles.com\/de\/\" \/>\n<meta property=\"og:locale\" content=\"de_DE\" \/>\n<meta property=\"og:type\" content=\"article\" \/>\n<meta property=\"og:title\" content=\"\u2705 OFFIZIELLE WEBSITE - 3-Sterne-Campingplatz Le Lac des Charmilles in Saint-L\u00f4\" \/>\n<meta property=\"og:description\" content=\"Erleben Sie einen Traumurlaub mit Familie oder Freunden auf dem Campingplatz Le Lac des Charmilles in der N\u00e4he von Saint-L\u00f4 zwischen Mont-Saint-Michel und Caen.\" \/>\n<meta property=\"og:url\" content=\"https:\/\/www.camping-lacdescharmilles.com\/de\/\" \/>\n<meta property=\"og:site_name\" content=\"Le Lac des Charmilles\" \/>\n<meta property=\"article:modified_time\" content=\"2026-01-07T18:20:08+00:00\" \/>\n<meta name=\"twitter:card\" content=\"summary_large_image\" \/>\n<script type=\"application\/ld+json\" class=\"yoast-schema-graph\">{\"@context\":\"https:\/\/schema.org\",\"@graph\":[{\"@type\":\"WebSite\",\"@id\":\"https:\/\/www.camping-lacdescharmilles.com\/#website\",\"url\":\"https:\/\/www.camping-lacdescharmilles.com\/\",\"name\":\"Le Lac des Charmilles\",\"description\":\"Camping 3 \u00e9toiles Le Lac des Charmilles \u00e0 Saint-L\u00f4\",\"potentialAction\":[{\"@type\":\"SearchAction\",\"target\":{\"@type\":\"EntryPoint\",\"urlTemplate\":\"https:\/\/www.camping-lacdescharmilles.com\/?s={search_term_string}\"},\"query-input\":\"required name=search_term_string\"}],\"inLanguage\":\"de-DE\"},{\"@type\":\"WebPage\",\"@id\":\"https:\/\/www.camping-lacdescharmilles.com\/de\/#webpage\",\"url\":\"https:\/\/www.camping-lacdescharmilles.com\/de\/\",\"name\":\"\u2705 OFFIZIELLE WEBSITE - 3-Sterne-Campingplatz Le Lac des Charmilles in Saint-L\u00f4\",\"isPartOf\":{\"@id\":\"https:\/\/www.camping-lacdescharmilles.com\/#website\"},\"datePublished\":\"2022-03-07T15:17:01+00:00\",\"dateModified\":\"2026-01-07T18:20:08+00:00\",\"description\":\"Erleben Sie einen Traumurlaub mit Familie oder Freunden auf dem Campingplatz Le Lac des Charmilles in der N\u00e4he von Saint-L\u00f4 zwischen Mont-Saint-Michel und Caen.\",\"breadcrumb\":{\"@id\":\"https:\/\/www.camping-lacdescharmilles.com\/de\/#breadcrumb\"},\"inLanguage\":\"de-DE\",\"potentialAction\":[{\"@type\":\"ReadAction\",\"target\":[\"https:\/\/www.camping-lacdescharmilles.com\/de\/\"]}]},{\"@type\":\"BreadcrumbList\",\"@id\":\"https:\/\/www.camping-lacdescharmilles.com\/de\/#breadcrumb\",\"itemListElement\":[{\"@type\":\"ListItem\",\"position\":1,\"name\":\"Camping Saint-L\u00f4\",\"item\":\"https:\/\/www.camping-lacdescharmilles.com\/de\/\"},{\"@type\":\"ListItem\",\"position\":2,\"name\":\"Startseite\"}]}]}<\/script>\n<!-- \/ Yoast SEO plugin. -->","yoast_head_json":{"description":"Erleben Sie einen Traumurlaub mit Familie oder Freunden auf dem Campingplatz Le Lac des Charmilles in der N\u00e4he von Saint-L\u00f4 zwischen Mont-Saint-Michel und Caen.","robots":{"index":"index","follow":"follow","max-snippet":"max-snippet:-1","max-image-preview":"max-image-preview:large","max-video-preview":"max-video-preview:-1"},"canonical":"https:\/\/www.camping-lacdescharmilles.com\/de\/","og_locale":"de_DE","og_type":"article","og_title":"\u2705 OFFIZIELLE WEBSITE - 3-Sterne-Campingplatz Le Lac des Charmilles in Saint-L\u00f4","og_description":"Erleben Sie einen Traumurlaub mit Familie oder Freunden auf dem Campingplatz Le Lac des Charmilles in der N\u00e4he von Saint-L\u00f4 zwischen Mont-Saint-Michel und Caen.","og_url":"https:\/\/www.camping-lacdescharmilles.com\/de\/","og_site_name":"Le Lac des Charmilles","article_modified_time":"2026-01-07T18:20:08+00:00","twitter_card":"summary_large_image","schema":{"@context":"https:\/\/schema.org","@graph":[{"@type":"WebSite","@id":"https:\/\/www.camping-lacdescharmilles.com\/#website","url":"https:\/\/www.camping-lacdescharmilles.com\/","name":"Le Lac des Charmilles","description":"Camping 3 \u00e9toiles Le Lac des Charmilles \u00e0 Saint-L\u00f4","potentialAction":[{"@type":"SearchAction","target":{"@type":"EntryPoint","urlTemplate":"https:\/\/www.camping-lacdescharmilles.com\/?s={search_term_string}"},"query-input":"required name=search_term_string"}],"inLanguage":"de-DE"},{"@type":"WebPage","@id":"https:\/\/www.camping-lacdescharmilles.com\/de\/#webpage","url":"https:\/\/www.camping-lacdescharmilles.com\/de\/","name":"\u2705 OFFIZIELLE WEBSITE - 3-Sterne-Campingplatz Le Lac des Charmilles in Saint-L\u00f4","isPartOf":{"@id":"https:\/\/www.camping-lacdescharmilles.com\/#website"},"datePublished":"2022-03-07T15:17:01+00:00","dateModified":"2026-01-07T18:20:08+00:00","description":"Erleben Sie einen Traumurlaub mit Familie oder Freunden auf dem Campingplatz Le Lac des Charmilles in der N\u00e4he von Saint-L\u00f4 zwischen Mont-Saint-Michel und Caen.","breadcrumb":{"@id":"https:\/\/www.camping-lacdescharmilles.com\/de\/#breadcrumb"},"inLanguage":"de-DE","potentialAction":[{"@type":"ReadAction","target":["https:\/\/www.camping-lacdescharmilles.com\/de\/"]}]},{"@type":"BreadcrumbList","@id":"https:\/\/www.camping-lacdescharmilles.com\/de\/#breadcrumb","itemListElement":[{"@type":"ListItem","position":1,"name":"Camping Saint-L\u00f4","item":"https:\/\/www.camping-lacdescharmilles.com\/de\/"},{"@type":"ListItem","position":2,"name":"Startseite"}]}]}},"acf":[],"_links":{"self":[{"href":"https:\/\/www.camping-lacdescharmilles.com\/de\/wp-json\/wp\/v2\/pages\/2552"}],"collection":[{"href":"https:\/\/www.camping-lacdescharmilles.com\/de\/wp-json\/wp\/v2\/pages"}],"about":[{"href":"https:\/\/www.camping-lacdescharmilles.com\/de\/wp-json\/wp\/v2\/types\/page"}],"author":[{"embeddable":true,"href":"https:\/\/www.camping-lacdescharmilles.com\/de\/wp-json\/wp\/v2\/users\/5"}],"replies":[{"embeddable":true,"href":"https:\/\/www.camping-lacdescharmilles.com\/de\/wp-json\/wp\/v2\/comments?post=2552"}],"version-history":[{"count":10,"href":"https:\/\/www.camping-lacdescharmilles.com\/de\/wp-json\/wp\/v2\/pages\/2552\/revisions"}],"predecessor-version":[{"id":4718,"href":"https:\/\/www.camping-lacdescharmilles.com\/de\/wp-json\/wp\/v2\/pages\/2552\/revisions\/4718"}],"wp:attachment":[{"href":"https:\/\/www.camping-lacdescharmilles.com\/de\/wp-json\/wp\/v2\/media?parent=2552"}],"curies":[{"name":"wp","href":"https:\/\/api.w.org\/{rel}","templated":true}]}}