{"id":2550,"date":"2022-04-04T12:49:16","date_gmt":"2022-04-04T12:49:16","guid":{"rendered":"https:\/\/www.camping-lacdescharmilles.com\/les-hebergements\/"},"modified":"2022-10-11T09:13:02","modified_gmt":"2022-10-11T09:13:02","slug":"les-hebergements","status":"publish","type":"page","link":"https:\/\/www.camping-lacdescharmilles.com\/de\/les-hebergements\/","title":{"rendered":"Die Unterk\u00fcnfte"},"content":{"rendered":"","protected":false},"excerpt":{"rendered":"","protected":false},"author":5,"featured_media":0,"parent":0,"menu_order":0,"comment_status":"closed","ping_status":"closed","template":"","meta":[],"yoast_head":"<!-- This site is optimized with the Yoast SEO plugin v18.2 - https:\/\/yoast.com\/wordpress\/plugins\/seo\/ -->\n<meta name=\"description\" content=\"Inmitten eines wundersch\u00f6nen Parks empf\u00e4ngt der Campingplatz*** Le Lac de Charmilles in Torigni sur Vire in seinen Freiluftunterk\u00fcnften in der N\u00e4he von Caen\" \/>\n<meta name=\"robots\" content=\"index, follow, max-snippet:-1, max-image-preview:large, max-video-preview:-1\" \/>\n<link rel=\"canonical\" href=\"https:\/\/www.camping-lacdescharmilles.com\/de\/les-hebergements\/\" \/>\n<meta property=\"og:locale\" content=\"de_DE\" \/>\n<meta property=\"og:type\" content=\"article\" \/>\n<meta property=\"og:title\" content=\"Mietunterkunft Campingplatz 3* Torigny Les Villes - Le Lac des Charmilles\" \/>\n<meta property=\"og:description\" content=\"Inmitten eines wundersch\u00f6nen Parks empf\u00e4ngt der Campingplatz*** Le Lac de Charmilles in Torigni sur Vire in seinen Freiluftunterk\u00fcnften in der N\u00e4he von Caen\" \/>\n<meta property=\"og:url\" content=\"https:\/\/www.camping-lacdescharmilles.com\/de\/les-hebergements\/\" \/>\n<meta property=\"og:site_name\" content=\"Le Lac des Charmilles\" \/>\n<meta property=\"article:modified_time\" content=\"2022-10-11T09:13:02+00:00\" \/>\n<meta name=\"twitter:card\" content=\"summary_large_image\" \/>\n<script type=\"application\/ld+json\" class=\"yoast-schema-graph\">{\"@context\":\"https:\/\/schema.org\",\"@graph\":[{\"@type\":\"WebSite\",\"@id\":\"https:\/\/www.camping-lacdescharmilles.com\/#website\",\"url\":\"https:\/\/www.camping-lacdescharmilles.com\/\",\"name\":\"Le Lac des Charmilles\",\"description\":\"Camping 3 \u00e9toiles Le Lac des Charmilles \u00e0 Saint-L\u00f4\",\"potentialAction\":[{\"@type\":\"SearchAction\",\"target\":{\"@type\":\"EntryPoint\",\"urlTemplate\":\"https:\/\/www.camping-lacdescharmilles.com\/?s={search_term_string}\"},\"query-input\":\"required name=search_term_string\"}],\"inLanguage\":\"de-DE\"},{\"@type\":\"WebPage\",\"@id\":\"https:\/\/www.camping-lacdescharmilles.com\/de\/les-hebergements\/#webpage\",\"url\":\"https:\/\/www.camping-lacdescharmilles.com\/de\/les-hebergements\/\",\"name\":\"Mietunterkunft Campingplatz 3* Torigny Les Villes - Le Lac des Charmilles\",\"isPartOf\":{\"@id\":\"https:\/\/www.camping-lacdescharmilles.com\/#website\"},\"datePublished\":\"2022-04-04T12:49:16+00:00\",\"dateModified\":\"2022-10-11T09:13:02+00:00\",\"description\":\"Inmitten eines wundersch\u00f6nen Parks empf\u00e4ngt der Campingplatz*** Le Lac de Charmilles in Torigni sur Vire in seinen Freiluftunterk\u00fcnften in der N\u00e4he von Caen\",\"breadcrumb\":{\"@id\":\"https:\/\/www.camping-lacdescharmilles.com\/de\/les-hebergements\/#breadcrumb\"},\"inLanguage\":\"de-DE\",\"potentialAction\":[{\"@type\":\"ReadAction\",\"target\":[\"https:\/\/www.camping-lacdescharmilles.com\/de\/les-hebergements\/\"]}]},{\"@type\":\"BreadcrumbList\",\"@id\":\"https:\/\/www.camping-lacdescharmilles.com\/de\/les-hebergements\/#breadcrumb\",\"itemListElement\":[{\"@type\":\"ListItem\",\"position\":1,\"name\":\"Camping Saint-L\u00f4\",\"item\":\"https:\/\/www.camping-lacdescharmilles.com\/de\/\"},{\"@type\":\"ListItem\",\"position\":2,\"name\":\"Die Unterk\u00fcnfte\"}]}]}<\/script>\n<!-- \/ Yoast SEO plugin. -->","yoast_head_json":{"description":"Inmitten eines wundersch\u00f6nen Parks empf\u00e4ngt der Campingplatz*** Le Lac de Charmilles in Torigni sur Vire in seinen Freiluftunterk\u00fcnften in der N\u00e4he von Caen","robots":{"index":"index","follow":"follow","max-snippet":"max-snippet:-1","max-image-preview":"max-image-preview:large","max-video-preview":"max-video-preview:-1"},"canonical":"https:\/\/www.camping-lacdescharmilles.com\/de\/les-hebergements\/","og_locale":"de_DE","og_type":"article","og_title":"Mietunterkunft Campingplatz 3* Torigny Les Villes - Le Lac des Charmilles","og_description":"Inmitten eines wundersch\u00f6nen Parks empf\u00e4ngt der Campingplatz*** Le Lac de Charmilles in Torigni sur Vire in seinen Freiluftunterk\u00fcnften in der N\u00e4he von Caen","og_url":"https:\/\/www.camping-lacdescharmilles.com\/de\/les-hebergements\/","og_site_name":"Le Lac des Charmilles","article_modified_time":"2022-10-11T09:13:02+00:00","twitter_card":"summary_large_image","schema":{"@context":"https:\/\/schema.org","@graph":[{"@type":"WebSite","@id":"https:\/\/www.camping-lacdescharmilles.com\/#website","url":"https:\/\/www.camping-lacdescharmilles.com\/","name":"Le Lac des Charmilles","description":"Camping 3 \u00e9toiles Le Lac des Charmilles \u00e0 Saint-L\u00f4","potentialAction":[{"@type":"SearchAction","target":{"@type":"EntryPoint","urlTemplate":"https:\/\/www.camping-lacdescharmilles.com\/?s={search_term_string}"},"query-input":"required name=search_term_string"}],"inLanguage":"de-DE"},{"@type":"WebPage","@id":"https:\/\/www.camping-lacdescharmilles.com\/de\/les-hebergements\/#webpage","url":"https:\/\/www.camping-lacdescharmilles.com\/de\/les-hebergements\/","name":"Mietunterkunft Campingplatz 3* Torigny Les Villes - Le Lac des Charmilles","isPartOf":{"@id":"https:\/\/www.camping-lacdescharmilles.com\/#website"},"datePublished":"2022-04-04T12:49:16+00:00","dateModified":"2022-10-11T09:13:02+00:00","description":"Inmitten eines wundersch\u00f6nen Parks empf\u00e4ngt der Campingplatz*** Le Lac de Charmilles in Torigni sur Vire in seinen Freiluftunterk\u00fcnften in der N\u00e4he von Caen","breadcrumb":{"@id":"https:\/\/www.camping-lacdescharmilles.com\/de\/les-hebergements\/#breadcrumb"},"inLanguage":"de-DE","potentialAction":[{"@type":"ReadAction","target":["https:\/\/www.camping-lacdescharmilles.com\/de\/les-hebergements\/"]}]},{"@type":"BreadcrumbList","@id":"https:\/\/www.camping-lacdescharmilles.com\/de\/les-hebergements\/#breadcrumb","itemListElement":[{"@type":"ListItem","position":1,"name":"Camping Saint-L\u00f4","item":"https:\/\/www.camping-lacdescharmilles.com\/de\/"},{"@type":"ListItem","position":2,"name":"Die Unterk\u00fcnfte"}]}]}},"acf":[],"_links":{"self":[{"href":"https:\/\/www.camping-lacdescharmilles.com\/de\/wp-json\/wp\/v2\/pages\/2550"}],"collection":[{"href":"https:\/\/www.camping-lacdescharmilles.com\/de\/wp-json\/wp\/v2\/pages"}],"about":[{"href":"https:\/\/www.camping-lacdescharmilles.com\/de\/wp-json\/wp\/v2\/types\/page"}],"author":[{"embeddable":true,"href":"https:\/\/www.camping-lacdescharmilles.com\/de\/wp-json\/wp\/v2\/users\/5"}],"replies":[{"embeddable":true,"href":"https:\/\/www.camping-lacdescharmilles.com\/de\/wp-json\/wp\/v2\/comments?post=2550"}],"version-history":[{"count":1,"href":"https:\/\/www.camping-lacdescharmilles.com\/de\/wp-json\/wp\/v2\/pages\/2550\/revisions"}],"predecessor-version":[{"id":2588,"href":"https:\/\/www.camping-lacdescharmilles.com\/de\/wp-json\/wp\/v2\/pages\/2550\/revisions\/2588"}],"wp:attachment":[{"href":"https:\/\/www.camping-lacdescharmilles.com\/de\/wp-json\/wp\/v2\/media?parent=2550"}],"curies":[{"name":"wp","href":"https:\/\/api.w.org\/{rel}","templated":true}]}}